{"id":138,"date":"2012-05-17T13:58:15","date_gmt":"2012-05-17T13:58:15","guid":{"rendered":"http:\/\/www.kfkloja.com.br\/site\/?page_id=138"},"modified":"2012-05-30T14:24:47","modified_gmt":"2012-05-30T14:24:47","slug":"hacks","status":"publish","type":"page","link":"https:\/\/www.kfkloja.com.br\/site\/produtos\/hacks\/","title":{"rendered":"Racks"},"content":{"rendered":"<p style=\"text-align: justify;\">[nggallery id=14]<\/p>\n<p style=\"text-align: justify;\">Possu\u00edmos uma linha completa de <strong>Racks Piso Padr\u00e3o 19&#8221; Fechado<\/strong>, partindo de <strong>12U<\/strong> (0,73m) at\u00e9 <strong>44U<\/strong> (2,15m) de altura. Nossos racks s\u00e3o fabricados em a\u00e7o e possuem porta frontal embutida com visor acr\u00edlico fum\u00ea e fechadura escamote\u00e1vel. As laterais e fundos s\u00e3o remov\u00edveis e possuem aletas de ventila\u00e7\u00e3o com fecho r\u00e1pido. O teto \u00e9 chanfrado com abertura para instala\u00e7\u00e3o dos kits de ventila\u00e7\u00e3o para 02 ou 04 ventiladores. Internamente, \u00e9 composto por dois planos m\u00f3veis que podem ser ajustados para melhor acomoda\u00e7\u00e3o e organiza\u00e7\u00e3o de servidores e bandejas.<\/p>\n<p style=\"text-align: justify;\">[nggallery id=15]<\/p>\n","protected":false},"excerpt":{"rendered":"<p>[nggallery id=14] Possu\u00edmos uma linha completa de Racks Piso Padr\u00e3o 19&#8221; Fechado, partindo de 12U (0,73m) at\u00e9 44U (2,15m) de altura. Nossos racks s\u00e3o fabricados em a\u00e7o e possuem porta frontal embutida com visor acr\u00edlico fum\u00ea e fechadura escamote\u00e1vel. As laterais e fundos s\u00e3o remov\u00edveis e possuem aletas de ventila\u00e7\u00e3o com fecho r\u00e1pido. O teto&hellip;<\/p>\n","protected":false},"author":3,"featured_media":0,"parent":15,"menu_order":0,"comment_status":"closed","ping_status":"closed","template":"","meta":[],"_links":{"self":[{"href":"https:\/\/www.kfkloja.com.br\/site\/wp-json\/wp\/v2\/pages\/138"}],"collection":[{"href":"https:\/\/www.kfkloja.com.br\/site\/wp-json\/wp\/v2\/pages"}],"about":[{"href":"https:\/\/www.kfkloja.com.br\/site\/wp-json\/wp\/v2\/types\/page"}],"author":[{"embeddable":true,"href":"https:\/\/www.kfkloja.com.br\/site\/wp-json\/wp\/v2\/users\/3"}],"replies":[{"embeddable":true,"href":"https:\/\/www.kfkloja.com.br\/site\/wp-json\/wp\/v2\/comments?post=138"}],"version-history":[{"count":7,"href":"https:\/\/www.kfkloja.com.br\/site\/wp-json\/wp\/v2\/pages\/138\/revisions"}],"predecessor-version":[{"id":187,"href":"https:\/\/www.kfkloja.com.br\/site\/wp-json\/wp\/v2\/pages\/138\/revisions\/187"}],"up":[{"embeddable":true,"href":"https:\/\/www.kfkloja.com.br\/site\/wp-json\/wp\/v2\/pages\/15"}],"wp:attachment":[{"href":"https:\/\/www.kfkloja.com.br\/site\/wp-json\/wp\/v2\/media?parent=138"}],"curies":[{"name":"wp","href":"https:\/\/api.w.org\/{rel}","templated":true}]}}