{"id":243,"date":"2012-06-04T17:12:35","date_gmt":"2012-06-04T17:12:35","guid":{"rendered":"http:\/\/www.kfkloja.com.br\/site\/?page_id=243"},"modified":"2012-06-04T17:27:00","modified_gmt":"2012-06-04T17:27:00","slug":"cabeamento-estruturado","status":"publish","type":"page","link":"https:\/\/www.kfkloja.com.br\/site\/informativos\/cabeamento-estruturado\/","title":{"rendered":"Cabeamento Estruturado"},"content":{"rendered":"<h2><strong><\/strong>\u00a0<\/h2>\n<p><strong>Cabeamento estruturado<\/strong> \u00e9 a disciplina que estuda a disposi\u00e7\u00e3o organizada e padronizada de conectores e meios de transmiss\u00e3o para redes de inform\u00e1tica e telefonia, de modo a tornar a infra-estrutura de cabos independente do tipo de aplica\u00e7\u00e3o e do layout. Permitindo a liga\u00e7\u00e3o a uma rede de: Servidores, Esta\u00e7\u00f5es, Impressoras, Telefones, Switches, Hubs e Roteadores. O <strong>SCS<\/strong> (<em>Structure Cabling System<\/em>) utiliza o conector <strong>RJ45<\/strong> e o cabo<strong> UTP<\/strong> como m\u00eddias padr\u00e3o para transmiss\u00e3o de dados, uma analogia ao SCS \u00e9 a tomada de energia que permite a alimenta\u00e7\u00e3o el\u00e9trica de um equipamento independente do tipo de aplica\u00e7\u00e3o.<\/p>\n<p><strong>Hist\u00f3rico<\/strong><\/p>\n<p>O cabeamento estruturado remonta as tecnologias de redes dos anos 80 quando empresas de telecomunica\u00e7\u00f5es e computa\u00e7\u00e3o como AT&amp;T \u00a0Dec e IBM criavam seus pr\u00f3prios sistemas de cabeamento propriet\u00e1rios.<\/p>\n<p>Nos anos 90, o cabeamento estruturado teve um grande progresso com a introdu\u00e7\u00e3o do cabo par tran\u00e7ado. Nesse sentido, a cria\u00e7\u00e3o das normas <strong>EIA\/TIA<\/strong> e <strong>ISO<\/strong>, ajudaram na padroniza\u00e7\u00e3o de cabos, conectores e procedimentos.<\/p>\n<p>O conceito de Sistema de Cabeamento Estruturado baseia-se na disposi\u00e7\u00e3o de uma rede de cabos, com integra\u00e7\u00e3o de servi\u00e7os de dados e voz, que facilmente pode ser redirecionada por caminhos diferentes, no mesmo complexo de Cabeamento, para prover um caminho de transmiss\u00e3o entre pontos da rede distintos. Um Sistema de Cabeamento Estruturado<strong> EIA\/TIA 568A<\/strong> \u00e9 formado por sete subsistemas.<\/p>\n<ul>\n<li>1 &#8211; Entrada do Edif\u00edcio<\/li>\n<li>2 &#8211; Sala de Equipamentos<\/li>\n<li>3 &#8211; Cabea\u00e7\u00e3o Backbone<\/li>\n<li>4 &#8211; Arm\u00e1rio de Telecomunica\u00e7\u00f5es<\/li>\n<li>5 &#8211; Cabea\u00e7\u00e3o Horizontal<\/li>\n<li>6 &#8211; \u00c1rea de Trabalho<\/li>\n<li>7 &#8211; Norma 606 &#8220;Administra\u00e7\u00e3o do Sistema&#8221;<\/li>\n<\/ul>\n<p>Cabos e conectoriza\u00e7\u00e3o<\/p>\n<p>A norma EIA\/TIA 568 classifica o sistema de cabeamento em categorias levando em considera\u00e7\u00e3o aspectos de desempenho, largura de banda, comprimento, atenua\u00e7\u00e3o e outros fatores de influ\u00eancia neste tipo de tecnologia. A seguir, ser\u00e3o apresentadas as categorias de cabeamento com tecnologia de par tran\u00e7ado UTP e STP e de FIBRA OPTICA.<\/p>\n<p><strong>Unidade de aterramento<\/strong><\/p>\n<p>Todas as tomadas el\u00e9tricas de um sistema de alimenta\u00e7\u00e3o de rede devem possuir um \u00fanico terra comum. Os sistemas el\u00e9tricos para redes de microcomputadores,<strong> <\/strong>utilizam tr\u00eas fios\u00a0: <strong>FASE<\/strong> ( Branco \/ Vermelho \/ Preto ) , <strong>Neutro<\/strong> ( Azul ) e <strong>Terra <\/strong>( Verde ).<\/p>\n<p>A verifica\u00e7\u00e3o de um aterramento satisfat\u00f3rio d\u00e1-se na medi\u00e7\u00e3o da tens\u00e3o entre o Neutro e o Terra, que nos casos especificados deve possuir uma tens\u00e3o entre 0,6 &lt; V &lt; 1,0 Vca.<\/p>\n","protected":false},"excerpt":{"rendered":"<p>\u00a0 Cabeamento estruturado \u00e9 a disciplina que estuda a disposi\u00e7\u00e3o organizada e padronizada de conectores e meios de transmiss\u00e3o para redes de inform\u00e1tica e telefonia, de modo a tornar a infra-estrutura de cabos independente do tipo de aplica\u00e7\u00e3o e do layout. Permitindo a liga\u00e7\u00e3o a uma rede de: Servidores, Esta\u00e7\u00f5es, Impressoras, Telefones, Switches, Hubs e&hellip;<\/p>\n","protected":false},"author":2,"featured_media":0,"parent":191,"menu_order":0,"comment_status":"closed","ping_status":"closed","template":"","meta":[],"_links":{"self":[{"href":"https:\/\/www.kfkloja.com.br\/site\/wp-json\/wp\/v2\/pages\/243"}],"collection":[{"href":"https:\/\/www.kfkloja.com.br\/site\/wp-json\/wp\/v2\/pages"}],"about":[{"href":"https:\/\/www.kfkloja.com.br\/site\/wp-json\/wp\/v2\/types\/page"}],"author":[{"embeddable":true,"href":"https:\/\/www.kfkloja.com.br\/site\/wp-json\/wp\/v2\/users\/2"}],"replies":[{"embeddable":true,"href":"https:\/\/www.kfkloja.com.br\/site\/wp-json\/wp\/v2\/comments?post=243"}],"version-history":[{"count":4,"href":"https:\/\/www.kfkloja.com.br\/site\/wp-json\/wp\/v2\/pages\/243\/revisions"}],"predecessor-version":[{"id":609,"href":"https:\/\/www.kfkloja.com.br\/site\/wp-json\/wp\/v2\/pages\/243\/revisions\/609"}],"up":[{"embeddable":true,"href":"https:\/\/www.kfkloja.com.br\/site\/wp-json\/wp\/v2\/pages\/191"}],"wp:attachment":[{"href":"https:\/\/www.kfkloja.com.br\/site\/wp-json\/wp\/v2\/media?parent=243"}],"curies":[{"name":"wp","href":"https:\/\/api.w.org\/{rel}","templated":true}]}}