{"id":355,"date":"2019-04-25T02:13:28","date_gmt":"2019-04-25T02:13:28","guid":{"rendered":"http:\/\/www.kfkloja.com.br\/site\/?page_id=355"},"modified":"2025-04-29T13:19:04","modified_gmt":"2025-04-29T13:19:04","slug":"pagina-inicial","status":"publish","type":"page","link":"https:\/\/www.kfkloja.com.br\/site\/","title":{"rendered":"P\u00c1GINA INICIAL"},"content":{"rendered":"<p>[vc_row][vc_column width=&#8221;1\/2&#8243;][vc_single_image image=&#8221;764&#8243; img_size=&#8221;full&#8221; alignment=&#8221;center&#8221;][vc_single_image image=&#8221;745&#8243; img_size=&#8221;300&#215;300&#8243; alignment=&#8221;center&#8221; style=&#8221;vc_box_circle&#8221;][\/vc_column][vc_column width=&#8221;1\/2&#8243;]<div id=\"ultimate-heading-486569dcdee55a176\" class=\"uvc-heading ult-adjust-bottom-margin ultimate-heading-486569dcdee55a176 uvc-5994 \" data-hspacer=\"no_spacer\"  data-halign=\"center\" style=\"text-align:center\"><div class=\"uvc-heading-spacer no_spacer\" style=\"top\"><\/div><div class=\"uvc-main-heading ult-responsive\"  data-ultimate-target='.uvc-heading.ultimate-heading-486569dcdee55a176 h2'  data-responsive-json-new='{\"font-size\":\"\",\"line-height\":\"\"}' ><h2 style=\"font-weight:normal;\">Mais que uma loja, uma experi\u00eancia conectada. KFK LOJA onde modernidade e tecnologia se fundem.<\/h2><\/div><div class=\"uvc-sub-heading ult-responsive\"  data-ultimate-target='.uvc-heading.ultimate-heading-486569dcdee55a176 .uvc-sub-heading '  data-responsive-json-new='{\"font-size\":\"\",\"line-height\":\"\"}'  style=\"font-weight:normal;\"><\/p>\n<p style=\"text-align: justify;\"><strong>Para projetos de inform\u00e1tica, temos cabos de rede e patch cords de alta velocidade que garantem uma conex\u00e3o r\u00e1pida e est\u00e1vel entre os seus dispositivos. Nossos cabos s\u00e3o fabricados com materiais de qualidade, proporcionando uma transmiss\u00e3o de dados confi\u00e1vel e segura.<\/strong><\/p>\n<p style=\"text-align: justify;\">Se voc\u00ea est\u00e1 procurando solu\u00e7\u00f5es de CFTV, temos cabos de v\u00eddeo e alimenta\u00e7\u00e3o que atendem \u00e0s demandas dos sistemas de vigil\u00e2ncia. Nossos produtos s\u00e3o compat\u00edveis com as principais marcas de c\u00e2meras e DVRs do mercado e podem ser utilizados em instala\u00e7\u00f5es internas e externas.<\/p>\n<p style=\"text-align: justify;\"><strong><em>Para aplica\u00e7\u00f5es de telefonia, oferecemos cabos de linha e de extens\u00e3o com excelente qualidade de transmiss\u00e3o para que voc\u00ea possa desfrutar de conversas claras e sem interfer\u00eancias.<\/em><\/strong><\/p>\n<p style=\"text-align: justify;\">Al\u00e9m disso, todos os nossos produtos possuem garantia de qualidade e atendem aos mais rigorosos padr\u00f5es de seguran\u00e7a el\u00e9trica e normas t\u00e9cnicas. Voc\u00ea pode confiar na qualidade dos nossos materiais para realizar a sua instala\u00e7\u00e3o com tranquilidade e seguran\u00e7a.<\/p>\n<p style=\"text-align: justify;\"><strong>Com nossa ampla gama de op\u00e7\u00f5es, pre\u00e7os competitivos e atendimento personalizado, somos a escolha ideal para quem busca qualidade e efici\u00eancia na hora de comprar materiais de fios e cabos. N\u00e3o perca mais tempo! Entre em contato conosco agora mesmo e solicite\u00a0um\u00a0or\u00e7amento!<\/strong><\/p>\n<p><\/div><\/div>[vc_empty_space][vc_btn title=&#8221;Falar com um Especialista&#8221; size=&#8221;lg&#8221; i_type=&#8221;openiconic&#8221; i_icon_openiconic=&#8221;vc-oi vc-oi-user&#8221; css_animation=&#8221;appear&#8221; add_icon=&#8221;true&#8221; custom_onclick=&#8221;true&#8221; link=&#8221;url:https%3A%2F%2Fwww.kfkloja.com.br%2Fsite%2Fcontato%2Ffalar-com-especialista%2F|||&#8221;][vc_btn title=&#8221;Preciso de um Or\u00e7amento&#8221; size=&#8221;lg&#8221; i_type=&#8221;openiconic&#8221; i_icon_openiconic=&#8221;vc-oi vc-oi-pencil&#8221; css_animation=&#8221;appear&#8221; add_icon=&#8221;true&#8221; custom_onclick=&#8221;true&#8221; link=&#8221;url:https%3A%2F%2Fwww.kfkloja.com.br%2Fsite%2Fcontato%2Fpreciso-de-orcamento%2F|||&#8221;][\/vc_column][\/vc_row]<\/p>\n","protected":false},"excerpt":{"rendered":"<p>[vc_row][vc_column width=&#8221;1\/2&#8243;][vc_single_image image=&#8221;764&#8243; img_size=&#8221;full&#8221; alignment=&#8221;center&#8221;][vc_single_image image=&#8221;745&#8243; img_size=&#8221;300&#215;300&#8243; alignment=&#8221;center&#8221; style=&#8221;vc_box_circle&#8221;][\/vc_column][vc_column width=&#8221;1\/2&#8243;][vc_empty_space][vc_btn title=&#8221;Falar com um Especialista&#8221; size=&#8221;lg&#8221; i_type=&#8221;openiconic&#8221; i_icon_openiconic=&#8221;vc-oi vc-oi-user&#8221; css_animation=&#8221;appear&#8221; add_icon=&#8221;true&#8221; custom_onclick=&#8221;true&#8221; link=&#8221;url:https%3A%2F%2Fwww.kfkloja.com.br%2Fsite%2Fcontato%2Ffalar-com-especialista%2F|||&#8221;][vc_btn title=&#8221;Preciso de um Or\u00e7amento&#8221; size=&#8221;lg&#8221; i_type=&#8221;openiconic&#8221; i_icon_openiconic=&#8221;vc-oi vc-oi-pencil&#8221; css_animation=&#8221;appear&#8221; add_icon=&#8221;true&#8221; custom_onclick=&#8221;true&#8221; link=&#8221;url:https%3A%2F%2Fwww.kfkloja.com.br%2Fsite%2Fcontato%2Fpreciso-de-orcamento%2F|||&#8221;][\/vc_column][\/vc_row]<\/p>\n","protected":false},"author":3,"featured_media":0,"parent":0,"menu_order":0,"comment_status":"closed","ping_status":"closed","template":"","meta":[],"_links":{"self":[{"href":"https:\/\/www.kfkloja.com.br\/site\/wp-json\/wp\/v2\/pages\/355"}],"collection":[{"href":"https:\/\/www.kfkloja.com.br\/site\/wp-json\/wp\/v2\/pages"}],"about":[{"href":"https:\/\/www.kfkloja.com.br\/site\/wp-json\/wp\/v2\/types\/page"}],"author":[{"embeddable":true,"href":"https:\/\/www.kfkloja.com.br\/site\/wp-json\/wp\/v2\/users\/3"}],"replies":[{"embeddable":true,"href":"https:\/\/www.kfkloja.com.br\/site\/wp-json\/wp\/v2\/comments?post=355"}],"version-history":[{"count":68,"href":"https:\/\/www.kfkloja.com.br\/site\/wp-json\/wp\/v2\/pages\/355\/revisions"}],"predecessor-version":[{"id":766,"href":"https:\/\/www.kfkloja.com.br\/site\/wp-json\/wp\/v2\/pages\/355\/revisions\/766"}],"wp:attachment":[{"href":"https:\/\/www.kfkloja.com.br\/site\/wp-json\/wp\/v2\/media?parent=355"}],"curies":[{"name":"wp","href":"https:\/\/api.w.org\/{rel}","templated":true}]}}