{"id":49,"date":"2012-04-10T18:48:49","date_gmt":"2012-04-10T18:48:49","guid":{"rendered":"http:\/\/www.kfkloja.com.br\/site\/?page_id=49"},"modified":"2022-07-07T20:22:06","modified_gmt":"2022-07-07T20:22:06","slug":"blocos-e-bastidores","status":"publish","type":"page","link":"https:\/\/www.kfkloja.com.br\/site\/produtos\/blocos-e-bastidores\/","title":{"rendered":"Blocos e Bastidores"},"content":{"rendered":"<p>[vc_row][vc_column width=&#8221;1\/2&#8243;][vc_single_image image=&#8221;534&#8243; img_size=&#8221;full&#8221;][\/vc_column][vc_column width=&#8221;1\/2&#8243;][vc_single_image image=&#8221;624&#8243; img_size=&#8221;full&#8221;][\/vc_column][\/vc_row][vc_row][vc_column][vc_column_text]Aplica\u00e7\u00e3o em Caixas de Distribui\u00e7\u00e3o Geral ( <strong>DGs<\/strong> ), para ramifica\u00e7\u00e3o de ramais, e linhas em geral.<\/p>\n<p>Uso\u00a0em sistemas de grande porte, <strong>Predios Comerciais, Residenciais e Condominios em Geral.<\/strong>[\/vc_column_text][\/vc_column][\/vc_row]<\/p>\n","protected":false},"excerpt":{"rendered":"<p>[vc_row][vc_column width=&#8221;1\/2&#8243;][vc_single_image image=&#8221;534&#8243; img_size=&#8221;full&#8221;][\/vc_column][vc_column width=&#8221;1\/2&#8243;][vc_single_image image=&#8221;624&#8243; img_size=&#8221;full&#8221;][\/vc_column][\/vc_row][vc_row][vc_column][vc_column_text]Aplica\u00e7\u00e3o em Caixas de Distribui\u00e7\u00e3o Geral ( DGs ), para ramifica\u00e7\u00e3o de ramais, e linhas em geral. Uso\u00a0em sistemas de grande porte, Predios Comerciais, Residenciais e Condominios em Geral.[\/vc_column_text][\/vc_column][\/vc_row]<\/p>\n","protected":false},"author":2,"featured_media":0,"parent":15,"menu_order":0,"comment_status":"closed","ping_status":"closed","template":"","meta":[],"_links":{"self":[{"href":"https:\/\/www.kfkloja.com.br\/site\/wp-json\/wp\/v2\/pages\/49"}],"collection":[{"href":"https:\/\/www.kfkloja.com.br\/site\/wp-json\/wp\/v2\/pages"}],"about":[{"href":"https:\/\/www.kfkloja.com.br\/site\/wp-json\/wp\/v2\/types\/page"}],"author":[{"embeddable":true,"href":"https:\/\/www.kfkloja.com.br\/site\/wp-json\/wp\/v2\/users\/2"}],"replies":[{"embeddable":true,"href":"https:\/\/www.kfkloja.com.br\/site\/wp-json\/wp\/v2\/comments?post=49"}],"version-history":[{"count":13,"href":"https:\/\/www.kfkloja.com.br\/site\/wp-json\/wp\/v2\/pages\/49\/revisions"}],"predecessor-version":[{"id":625,"href":"https:\/\/www.kfkloja.com.br\/site\/wp-json\/wp\/v2\/pages\/49\/revisions\/625"}],"up":[{"embeddable":true,"href":"https:\/\/www.kfkloja.com.br\/site\/wp-json\/wp\/v2\/pages\/15"}],"wp:attachment":[{"href":"https:\/\/www.kfkloja.com.br\/site\/wp-json\/wp\/v2\/media?parent=49"}],"curies":[{"name":"wp","href":"https:\/\/api.w.org\/{rel}","templated":true}]}}