{"id":528,"date":"2022-05-11T17:11:29","date_gmt":"2022-05-11T17:11:29","guid":{"rendered":"https:\/\/www.kfkloja.com.br\/site\/?post_type=product&#038;p=528"},"modified":"2025-02-20T18:48:05","modified_gmt":"2025-02-20T18:48:05","slug":"kit-localizador-de-cabos-spartec-ghi-500","status":"publish","type":"product","link":"https:\/\/www.kfkloja.com.br\/site\/produto\/kit-localizador-de-cabos-spartec-ghi-500\/","title":{"rendered":"KIT LOCALIZADOR DE CABOS SPARTEC GHI  500"},"content":{"rendered":"<p><em><strong>Localizador de Cabos Spartec GHI 500<\/strong><\/em><\/p>\n<p>Kit Localizador de cabos de rede (UTP 4 pares) e de cabos de telefonia. Identifica facilmente cabos sem necessitar retirar a capa ou isolamento dos fios. Composto de um gerador de tom e uma ponteira indutiva. Disp\u00f5e de LEDs indicativos de atividade em verde e vermelho. Emite som produzido pelo gerador de sinal. Acompanha estojo de prote\u00e7\u00e3o e baterias j\u00e1 instaladas. <em><strong>N\u00e3o conectar a rede el\u00e9trica.<\/strong><\/em><\/p>\n<p>Para cabos de rede 4 pares recomendamos o limite do link 90 metros.<\/p>\n<p>Para cabo CTP APL (telef\u00f4nico) e paralelo (energia) passa 1km.Mas depende muito das condi\u00e7\u00f5es que o cabo est\u00e1 instalado, n\u00e3o h\u00e1 como ter uma precis\u00e3o, s\u00e3o m\u00e9dias estimadas.<\/p>\n","protected":false},"excerpt":{"rendered":"<p><a class=\"dt-pswp-item\" href=\"https:\/\/www.kfkloja.com.br\/site\/wp-content\/uploads\/2022\/05\/KIT-LOCALIZADOR-SPARTEC.png\" data-dt-img-description=\"\" data-large_image_width=\"602\" data-large_image_height=\"445\"><img loading=\"lazy\" class=\"alignnone size-medium wp-image-529\" src=\"https:\/\/www.kfkloja.com.br\/site\/wp-content\/uploads\/2022\/05\/KIT-LOCALIZADOR-SPARTEC-300x222.png\" alt=\"\" width=\"300\" height=\"222\" srcset=\"https:\/\/www.kfkloja.com.br\/site\/wp-content\/uploads\/2022\/05\/KIT-LOCALIZADOR-SPARTEC-300x222.png 300w, https:\/\/www.kfkloja.com.br\/site\/wp-content\/uploads\/2022\/05\/KIT-LOCALIZADOR-SPARTEC-300x222@2x.png 600w, https:\/\/www.kfkloja.com.br\/site\/wp-content\/uploads\/2022\/05\/KIT-LOCALIZADOR-SPARTEC.png 602w\" sizes=\"(max-width: 300px) 100vw, 300px\" \/><\/a><\/p>\n","protected":false},"featured_media":529,"comment_status":"closed","ping_status":"closed","template":"","meta":[],"product_cat":[237],"product_tag":[256,258,259,257],"_links":{"self":[{"href":"https:\/\/www.kfkloja.com.br\/site\/wp-json\/wp\/v2\/product\/528"}],"collection":[{"href":"https:\/\/www.kfkloja.com.br\/site\/wp-json\/wp\/v2\/product"}],"about":[{"href":"https:\/\/www.kfkloja.com.br\/site\/wp-json\/wp\/v2\/types\/product"}],"replies":[{"embeddable":true,"href":"https:\/\/www.kfkloja.com.br\/site\/wp-json\/wp\/v2\/comments?post=528"}],"wp:featuredmedia":[{"embeddable":true,"href":"https:\/\/www.kfkloja.com.br\/site\/wp-json\/wp\/v2\/media\/529"}],"wp:attachment":[{"href":"https:\/\/www.kfkloja.com.br\/site\/wp-json\/wp\/v2\/media?parent=528"}],"wp:term":[{"taxonomy":"product_cat","embeddable":true,"href":"https:\/\/www.kfkloja.com.br\/site\/wp-json\/wp\/v2\/product_cat?post=528"},{"taxonomy":"product_tag","embeddable":true,"href":"https:\/\/www.kfkloja.com.br\/site\/wp-json\/wp\/v2\/product_tag?post=528"}],"curies":[{"name":"wp","href":"https:\/\/api.w.org\/{rel}","templated":true}]}}