{"id":535,"date":"2022-05-16T18:37:09","date_gmt":"2022-05-16T18:37:09","guid":{"rendered":"https:\/\/www.kfkloja.com.br\/site\/?post_type=product&#038;p=535"},"modified":"2025-02-20T18:50:23","modified_gmt":"2025-02-20T18:50:23","slug":"keystone-rj-45-femea-cat-6-br-tooless-caixa-com-10-unidades","status":"publish","type":"product","link":"https:\/\/www.kfkloja.com.br\/site\/produto\/keystone-rj-45-femea-cat-6-br-tooless-caixa-com-10-unidades\/","title":{"rendered":"KEYSTONE RJ-45 FEMEA CAT.6 BR TOOLESS &#8211; CAIXA COM 10 UNIDADES"},"content":{"rendered":"<div id=\"anchor-description\" class=\"description\">\n<div class=\"description__container-text\">Especifica\u00e7\u00f5es:<\/div>\n<div class=\"description__container-text\">&#8211; Branco &#8211; Permite uma melhoria significativa na conectividade da rede &#8211; Acabamento Keystone &#8211; <em>Tomada RJ 45 f\u00eamea Cat6 &#8211; Padr\u00e3o 568A ou 568B<\/em> &#8211; Corpo em termopl\u00e1stico de alto impacto &#8211; Utilizado em caixas de sobrepor e patch panels descarregados <strong>CAIXA COM 10 KEYSTONE<\/strong><\/div>\n<div><a class=\"dt-pswp-item\" href=\"https:\/\/www.kfkloja.com.br\/site\/wp-content\/uploads\/2022\/05\/KEYSTONE-CAT.6.png\" data-dt-img-description=\"\" data-large_image_width=\"408\" data-large_image_height=\"289\"><img loading=\"lazy\" class=\"alignnone size-medium wp-image-536\" src=\"https:\/\/www.kfkloja.com.br\/site\/wp-content\/uploads\/2022\/05\/KEYSTONE-CAT.6-300x213.png\" alt=\"\" width=\"300\" height=\"213\" srcset=\"https:\/\/www.kfkloja.com.br\/site\/wp-content\/uploads\/2022\/05\/KEYSTONE-CAT.6-300x213.png 300w, https:\/\/www.kfkloja.com.br\/site\/wp-content\/uploads\/2022\/05\/KEYSTONE-CAT.6.png 408w\" sizes=\"(max-width: 300px) 100vw, 300px\" \/><\/a><\/div>\n<\/div>\n<div class=\"report-link\"><\/div>\n","protected":false},"excerpt":{"rendered":"<p>Especifica\u00e7\u00f5es: &#8211; Branco &#8211; Permite uma melhoria significativa na conectividade da rede &#8211; Acabamento Keystone &#8211; Tomada RJ 45 f\u00eamea Cat6 &#8211; Padr\u00e3o 568A ou 568B &#8211; Corpo em termopl\u00e1stico de alto impacto &#8211; Utilizado em caixas de sobrepor e patch panels descarregados CAIXA COM 10 KEYSTONE<\/p>\n","protected":false},"featured_media":595,"comment_status":"closed","ping_status":"closed","template":"","meta":[],"product_cat":[237],"product_tag":[271,270,267,269,272,268],"_links":{"self":[{"href":"https:\/\/www.kfkloja.com.br\/site\/wp-json\/wp\/v2\/product\/535"}],"collection":[{"href":"https:\/\/www.kfkloja.com.br\/site\/wp-json\/wp\/v2\/product"}],"about":[{"href":"https:\/\/www.kfkloja.com.br\/site\/wp-json\/wp\/v2\/types\/product"}],"replies":[{"embeddable":true,"href":"https:\/\/www.kfkloja.com.br\/site\/wp-json\/wp\/v2\/comments?post=535"}],"wp:featuredmedia":[{"embeddable":true,"href":"https:\/\/www.kfkloja.com.br\/site\/wp-json\/wp\/v2\/media\/595"}],"wp:attachment":[{"href":"https:\/\/www.kfkloja.com.br\/site\/wp-json\/wp\/v2\/media?parent=535"}],"wp:term":[{"taxonomy":"product_cat","embeddable":true,"href":"https:\/\/www.kfkloja.com.br\/site\/wp-json\/wp\/v2\/product_cat?post=535"},{"taxonomy":"product_tag","embeddable":true,"href":"https:\/\/www.kfkloja.com.br\/site\/wp-json\/wp\/v2\/product_tag?post=535"}],"curies":[{"name":"wp","href":"https:\/\/api.w.org\/{rel}","templated":true}]}}