{"id":554,"date":"2022-05-18T17:11:20","date_gmt":"2022-05-18T17:11:20","guid":{"rendered":"https:\/\/www.kfkloja.com.br\/site\/?post_type=product&#038;p=554"},"modified":"2022-05-19T18:16:22","modified_gmt":"2022-05-19T18:16:22","slug":"cabo-ctp-apl-40-20-pares","status":"publish","type":"product","link":"https:\/\/www.kfkloja.com.br\/site\/produto\/cabo-ctp-apl-40-20-pares\/","title":{"rendered":"CABO CTP-APL  &gt; DE 2 PARES a 50 PARES"},"content":{"rendered":"<p>O Cabo CTP APL \u00e9 ideal para<strong> instala\u00e7\u00f5es de sistema telef\u00f4nico e Interfonia em \u00e1reas externa<\/strong>. Este cabo cont\u00e9m a capa que protege os fios internos contra\u00a0Raios UV, Chuva, entre outros. Os cabos CTP APL normalmente s\u00e3o classificados em Pares.<\/p>\n<p>Por exemplo:\u00a0<strong>20 pares, cont\u00e9m 40 vias internas<\/strong>, assim sucessivamente. O Cabo conta tamb\u00e9m com\u00a0<strong>filamento interno Puro Cobre<\/strong>, todos os fios internos s\u00e3o coloridos para identifica\u00e7\u00e3o no momento da instala\u00e7\u00e3o.<\/p>\n<p>&nbsp;<\/p>\n<h2><strong>PARA VALORES CONSULTE-NOS\u00a0 \u00a0 \u00a0 \u00a0 <\/strong><\/h2>\n<h2><strong><a href=\"https:\/\/contate.me\/kfk\"><img loading=\"lazy\" class=\"alignnone wp-image-563 size-full\" src=\"https:\/\/www.kfkloja.com.br\/site\/wp-content\/uploads\/2022\/05\/whatss.png\" alt=\"\" width=\"252\" height=\"171\" \/><\/a>\u00a0 \u00a0 \u00a0 \u00a0 \u00a0 \u00a0 \u00a0 \u00a0 \u00a0 \u00a0 \u00a0 \u00a0 \u00a0 \u00a0 \u00a0 \u00a0 \u00a0 \u00a0 \u00a0 \u00a0 \u00a0 \u00a0 \u00a0\u00a0<\/strong><\/h2>\n<h2><strong>TRABALHAMOS DE 2 PARES A 50 PARES\u00a0 \u00a0<\/strong><\/h2>\n<p><a class=\"dt-pswp-item\" href=\"https:\/\/www.kfkloja.com.br\/site\/wp-content\/uploads\/2022\/05\/KFK3.png\" data-dt-img-description=\"\" data-large_image_width=\"607\" data-large_image_height=\"285\"><img loading=\"lazy\" class=\"alignnone size-medium wp-image-555\" src=\"https:\/\/www.kfkloja.com.br\/site\/wp-content\/uploads\/2022\/05\/KFK3-300x141.png\" alt=\"\" width=\"300\" height=\"141\" srcset=\"https:\/\/www.kfkloja.com.br\/site\/wp-content\/uploads\/2022\/05\/KFK3-300x141.png 300w, https:\/\/www.kfkloja.com.br\/site\/wp-content\/uploads\/2022\/05\/KFK3-300x141@2x.png 600w, https:\/\/www.kfkloja.com.br\/site\/wp-content\/uploads\/2022\/05\/KFK3.png 607w\" sizes=\"(max-width: 300px) 100vw, 300px\" \/><\/a><\/p>\n","protected":false},"excerpt":{"rendered":"<p>O Cabo CTP APL \u00e9 ideal para instala\u00e7\u00f5es de sistema telef\u00f4nico e Interfonia em \u00e1reas externa. Este cabo cont\u00e9m a capa que protege os fios internos contra\u00a0Raios UV, Chuva, entre outros. Os cabos CTP APL normalmente s\u00e3o classificados em Pares. Por exemplo:\u00a020 pares, cont\u00e9m 40 vias internas, assim sucessivamente. O Cabo conta tamb\u00e9m com\u00a0filamento interno&hellip;<\/p>\n","protected":false},"featured_media":555,"comment_status":"closed","ping_status":"closed","template":"","meta":[],"product_cat":[237],"product_tag":[288,282,283,285,286,287,289,284,254],"_links":{"self":[{"href":"https:\/\/www.kfkloja.com.br\/site\/wp-json\/wp\/v2\/product\/554"}],"collection":[{"href":"https:\/\/www.kfkloja.com.br\/site\/wp-json\/wp\/v2\/product"}],"about":[{"href":"https:\/\/www.kfkloja.com.br\/site\/wp-json\/wp\/v2\/types\/product"}],"replies":[{"embeddable":true,"href":"https:\/\/www.kfkloja.com.br\/site\/wp-json\/wp\/v2\/comments?post=554"}],"wp:featuredmedia":[{"embeddable":true,"href":"https:\/\/www.kfkloja.com.br\/site\/wp-json\/wp\/v2\/media\/555"}],"wp:attachment":[{"href":"https:\/\/www.kfkloja.com.br\/site\/wp-json\/wp\/v2\/media?parent=554"}],"wp:term":[{"taxonomy":"product_cat","embeddable":true,"href":"https:\/\/www.kfkloja.com.br\/site\/wp-json\/wp\/v2\/product_cat?post=554"},{"taxonomy":"product_tag","embeddable":true,"href":"https:\/\/www.kfkloja.com.br\/site\/wp-json\/wp\/v2\/product_tag?post=554"}],"curies":[{"name":"wp","href":"https:\/\/api.w.org\/{rel}","templated":true}]}}