{"id":612,"date":"2022-06-30T18:01:55","date_gmt":"2022-06-30T18:01:55","guid":{"rendered":"https:\/\/www.kfkloja.com.br\/site\/?post_type=product&#038;p=612"},"modified":"2025-02-20T18:49:26","modified_gmt":"2025-02-20T18:49:26","slug":"video-ballum-caixa-com-6-cartelas-de-2-pares","status":"publish","type":"product","link":"https:\/\/www.kfkloja.com.br\/site\/produto\/video-ballum-caixa-com-6-cartelas-de-2-pares\/","title":{"rendered":"VIDEO BALLUM   &#8211; CAIXA COM 6 CARTELAS DE 2 PARES"},"content":{"rendered":"<div class=\"separator\"><\/div>\n<div><\/div>\n<div class=\"separator\"><em>A fun\u00e7\u00e3o<\/em> do <strong>V\u00eddeo Balun<\/strong> no sistema de seguran\u00e7a <strong>CFTV<\/strong> \u00e9 balancear o sinal gerado pela c\u00e2mera. Atrav\u00e9s do sinal balanceado \u00e9 poss\u00edvel expandir a transmiss\u00e3o da imagem\u00a0 sem perder a qualidade, al\u00e9m de garantir imunidade contra ru\u00eddos, interfer\u00eancias externas e atenua\u00e7\u00e3o de sinal.<\/div>\n<div><\/div>\n<div>Cartela com 2 p\u00e7s.<\/div>\n","protected":false},"excerpt":{"rendered":"<p>A fun\u00e7\u00e3o do V\u00eddeo Balun no sistema de seguran\u00e7a CFTV \u00e9 balancear o sinal gerado pela c\u00e2mera. Atrav\u00e9s do sinal balanceado \u00e9 poss\u00edvel expandir a transmiss\u00e3o da imagem\u00a0 sem perder a qualidade, al\u00e9m de garantir imunidade contra ru\u00eddos, interfer\u00eancias externas e atenua\u00e7\u00e3o de sinal. Cartela com 2 p\u00e7s.<\/p>\n","protected":false},"featured_media":613,"comment_status":"closed","ping_status":"closed","template":"","meta":[],"product_cat":[237],"product_tag":[304,306,307,245,305],"_links":{"self":[{"href":"https:\/\/www.kfkloja.com.br\/site\/wp-json\/wp\/v2\/product\/612"}],"collection":[{"href":"https:\/\/www.kfkloja.com.br\/site\/wp-json\/wp\/v2\/product"}],"about":[{"href":"https:\/\/www.kfkloja.com.br\/site\/wp-json\/wp\/v2\/types\/product"}],"replies":[{"embeddable":true,"href":"https:\/\/www.kfkloja.com.br\/site\/wp-json\/wp\/v2\/comments?post=612"}],"wp:featuredmedia":[{"embeddable":true,"href":"https:\/\/www.kfkloja.com.br\/site\/wp-json\/wp\/v2\/media\/613"}],"wp:attachment":[{"href":"https:\/\/www.kfkloja.com.br\/site\/wp-json\/wp\/v2\/media?parent=612"}],"wp:term":[{"taxonomy":"product_cat","embeddable":true,"href":"https:\/\/www.kfkloja.com.br\/site\/wp-json\/wp\/v2\/product_cat?post=612"},{"taxonomy":"product_tag","embeddable":true,"href":"https:\/\/www.kfkloja.com.br\/site\/wp-json\/wp\/v2\/product_tag?post=612"}],"curies":[{"name":"wp","href":"https:\/\/api.w.org\/{rel}","templated":true}]}}