{"id":628,"date":"2022-07-15T13:30:10","date_gmt":"2022-07-15T13:30:10","guid":{"rendered":"https:\/\/www.kfkloja.com.br\/site\/?post_type=product&#038;p=628"},"modified":"2025-02-20T18:49:07","modified_gmt":"2025-02-20T18:49:07","slug":"antena-digital-interna-externa-prohd-2400-cabo-3-mts","status":"publish","type":"product","link":"https:\/\/www.kfkloja.com.br\/site\/produto\/antena-digital-interna-externa-prohd-2400-cabo-3-mts\/","title":{"rendered":"Antena Digital Interna\/Externa PROHD-2400 &#8211; Cabo 3 mts."},"content":{"rendered":"<p>A Antena digital PROHD-2400 \u00e9 super compacta e discreta, basta conectar a sua TV, efetuar a sintonia de canais e pronto. \u00c9 s\u00f3 aproveitar o melhor dos canais digitais na Televis\u00e3o. Al\u00e9m disso, acompanha 3 metros de cabo e base magn\u00e9tica, ideal para posicionar em racks e prateleiras. E se quiser, pode ser usada externamente.<br \/>\n&#8211; Pronta para o sinal digital.<br \/>\n&#8211; Cabo coaxial de 3m.<br \/>\n&#8211; Veda\u00e7\u00e3o para uso externo.<br \/>\n&#8211; Prote\u00e7\u00e3o contra raios UV.<\/p>\n<p>Frequ\u00eancia: 174~216 VHF<br \/>\n470~806 UHF<br \/>\nImped\u00e2ncia: 75 Ohms<br \/>\nGanho: 4 dBi<\/p>\n","protected":false},"excerpt":{"rendered":"<p>A Antena digital PROHD-2400 \u00e9 super compacta e discreta, basta conectar a sua TV, efetuar a sintonia de canais e pronto. \u00c9 s\u00f3 aproveitar o melhor dos canais digitais na Televis\u00e3o. Al\u00e9m disso, acompanha 3 metros de cabo e base magn\u00e9tica, ideal para posicionar em racks e prateleiras. E se quiser, pode ser usada externamente.&hellip;<\/p>\n","protected":false},"featured_media":629,"comment_status":"closed","ping_status":"closed","template":"","meta":[],"product_cat":[315],"product_tag":[316,317],"_links":{"self":[{"href":"https:\/\/www.kfkloja.com.br\/site\/wp-json\/wp\/v2\/product\/628"}],"collection":[{"href":"https:\/\/www.kfkloja.com.br\/site\/wp-json\/wp\/v2\/product"}],"about":[{"href":"https:\/\/www.kfkloja.com.br\/site\/wp-json\/wp\/v2\/types\/product"}],"replies":[{"embeddable":true,"href":"https:\/\/www.kfkloja.com.br\/site\/wp-json\/wp\/v2\/comments?post=628"}],"wp:featuredmedia":[{"embeddable":true,"href":"https:\/\/www.kfkloja.com.br\/site\/wp-json\/wp\/v2\/media\/629"}],"wp:attachment":[{"href":"https:\/\/www.kfkloja.com.br\/site\/wp-json\/wp\/v2\/media?parent=628"}],"wp:term":[{"taxonomy":"product_cat","embeddable":true,"href":"https:\/\/www.kfkloja.com.br\/site\/wp-json\/wp\/v2\/product_cat?post=628"},{"taxonomy":"product_tag","embeddable":true,"href":"https:\/\/www.kfkloja.com.br\/site\/wp-json\/wp\/v2\/product_tag?post=628"}],"curies":[{"name":"wp","href":"https:\/\/api.w.org\/{rel}","templated":true}]}}